{"id":15,"date":"2024-11-06T17:11:57","date_gmt":"2024-11-06T17:11:57","guid":{"rendered":"https:\/\/era-ex-machina.com\/?page_id=15"},"modified":"2026-03-19T17:33:05","modified_gmt":"2026-03-19T17:33:05","slug":"about-us","status":"publish","type":"page","link":"https:\/\/era-ex-machina.com\/de\/about-us\/","title":{"rendered":"\u00dcber uns"},"content":{"rendered":"<div data-elementor-type=\"wp-page\" data-elementor-id=\"15\" class=\"elementor elementor-15\" data-elementor-post-type=\"page\">\n\t\t\t\t<div class=\"elementor-element elementor-element-f83ab3d e-con-full e-flex e-con e-parent\" data-id=\"f83ab3d\" data-element_type=\"container\" data-e-type=\"container\" data-settings=\"{&quot;background_background&quot;:&quot;gradient&quot;}\">\n\t\t\t\t<div class=\"elementor-element elementor-element-6b48a66 aurora-box elementor-widget elementor-widget-html\" data-id=\"6b48a66\" data-element_type=\"widget\" data-e-type=\"widget\" data-widget_type=\"html.default\">\n\t\t\t\t<div class=\"elementor-widget-container\">\n\t\t\t\t\t<div class=\"aurora-box\">\r\n<div class=\"aurora-container\">\r\n<div class=\"colour-1\"><\/div>\r\n<div class=\"colour-2\"><\/div>\r\n<div class=\"colour-3\"><\/div>\r\n<\/div>\r\n<\/div>\t\t\t\t<\/div>\n\t\t\t\t<\/div>\n\t\t<div class=\"elementor-element elementor-element-552a598 e-flex e-con-boxed e-con e-child\" data-id=\"552a598\" data-element_type=\"container\" data-e-type=\"container\">\n\t\t\t\t\t<div class=\"e-con-inner\">\n\t\t<div class=\"elementor-element elementor-element-cce079e e-con-full e-flex e-con e-child\" data-id=\"cce079e\" data-element_type=\"container\" data-e-type=\"container\">\n\t\t\t\t<div class=\"elementor-element elementor-element-f3bd50d elementor-invisible elementor-widget elementor-widget-text-editor\" data-id=\"f3bd50d\" data-element_type=\"widget\" data-e-type=\"widget\" data-settings=\"{&quot;_animation&quot;:&quot;fadeIn&quot;,&quot;_animation_delay&quot;:300}\" data-widget_type=\"text-editor.default\">\n\t\t\t\t<div class=\"elementor-widget-container\">\n\t\t\t\t\t\t\t\t\t<h1>Wo Kulturwissenschaften auf digitale Innovation treffen<\/h1>\t\t\t\t\t\t\t\t<\/div>\n\t\t\t\t<\/div>\n\t\t\t\t<\/div>\n\t\t\t\t\t<\/div>\n\t\t\t\t<\/div>\n\t\t\t\t<\/div>\n\t\t<div class=\"elementor-element elementor-element-22e3e773 e-flex e-con-boxed elementor-invisible e-con e-parent\" data-id=\"22e3e773\" data-element_type=\"container\" data-e-type=\"container\" data-settings=\"{&quot;animation&quot;:&quot;fadeIn&quot;,&quot;animation_delay&quot;:200}\">\n\t\t\t\t\t<div class=\"e-con-inner\">\n\t\t\t\t<div class=\"elementor-element elementor-element-63ce3cc6 elementor-widget elementor-widget-text-editor\" data-id=\"63ce3cc6\" data-element_type=\"widget\" data-e-type=\"widget\" data-widget_type=\"text-editor.default\">\n\t\t\t\t<div class=\"elementor-widget-container\">\n\t\t\t\t\t\t\t\t\t\n<p>Willkommen in unserem digitalen Innovationszentrum!<\/p>\n<p>Wir, Ellen und Florian, sind ein ambitioniertes Paar, das die Liebe zur Geschichte teilt und sich daf\u00fcr einsetzt, sie mithilfe modernster Technologie zum Leben zu erwecken. Mit Abschl\u00fcssen in Klassischer Arch\u00e4ologie, Klassischer Philologie und Alter Geschichte von den renommierten Universit\u00e4ten Gie\u00dfen und Frankfurt in Deutschland kombinieren wir akademisches Fachwissen mit kreativen digitalen L\u00f6sungen, um Museumserlebnisse zu verwandeln.<\/p>\n<p>\u201eEra Ex Machina\u201c symbolisiert unsere Mission, die Art und Weise, wie Geschichte erlebt wird, zu revolutionieren. Inspiriert von \u201eDeus Ex Machina\u201c spiegelt unser Name den Beginn eines neuen Zeitalters wider, in dem Technologie und Kreativit\u00e4t die Vergangenheit zum Leben erwecken. Unser Ziel ist es, immersive digitale Erlebnisse zu schaffen, die die L\u00fccke zwischen Geschichte und Moderne schlie\u00dfen und Geschichte f\u00fcr alle zug\u00e4nglich und spannend machen.<\/p>\n<p>Im Laufe der Jahre haben wir mit einer Vielzahl von Museen zusammengearbeitet, darunter auch solche, die mit UNESCO-Weltkulturerbest\u00e4tten verbunden sind. Unsere umfassende Erfahrung erstreckt sich \u00fcber zahlreiche Projekte, die darauf abzielen, Geschichte, Kunst und Kultur f\u00fcr moderne Zielgruppen zug\u00e4nglich und ansprechend zu gestalten.<\/p>\n<p>W\u00e4hrend unserer Universit\u00e4tsjahre spezialisierten wir uns auf die Museumspr\u00e4sentation und waren stets begeistert davon, digitale L\u00f6sungen mit traditionellen Ausstellungen zu integrieren. Diese einzigartige Kombination aus Fachwissen erm\u00f6glicht es uns, die L\u00fccke zwischen dem Alten und dem Modernen zu schlie\u00dfen und immersive Erlebnisse zu schaffen, die das Publikum fesseln und bilden.<\/p>\n<p>Unsere Leistungen umfassen:<\/p>\n<ul>\n<li>\n<p class=\"translation-block\"><strong>Barrierefreie, DSGVO-konforme Websites<\/strong>: Wir gestalten benutzerfreundliche WordPress-Seiten, die alle gesetzlichen Vorschriften erf\u00fcllen.<\/p>\n<\/li>\n<li>\n<p><strong>Digitale Sammlungen<\/strong>: Umwandlung physischer Artefakte in interaktive Online-Exponate.<\/p>\n<\/li>\n<li>\n<p><strong>Ma\u00dfgeschneiderte digitale L\u00f6sungen<\/strong>: Gestaltung ma\u00dfgeschneiderter Erlebnisse f\u00fcr Ausstellungen, F\u00fchrungen und Veranstaltungen.<\/p>\n<\/li>\n<li>\n<p><strong>Augmented Reality Anwendungen<\/strong>: Erwecken Sie Geschichte, Kunst und Kultur mit modernster AR-Technologie zum Leben.<\/p>\n<\/li>\n<li>\n<p><strong>Lern- und Unterhaltungsspiele<\/strong>: Entwicklung von Spielen, die das Lernen \u00fcber die Vergangenheit spannend und unterhaltsam machen.<\/p>\n<\/li>\n<\/ul>\n<p><strong>Unsere Mission<\/strong>: Wir m\u00f6chten das kulturelle Erbe f\u00fcr alle zug\u00e4nglich machen, indem wir die Kraft der Technologie nutzen. Wir glauben, dass wir durch die Kombination unseres tiefen historischen Wissens mit modernen digitalen Werkzeugen bedeutungsvolle Verbindungen zwischen Vergangenheit und Gegenwart schaffen k\u00f6nnen.<\/p>\n<p>Begleiten Sie uns dabei, die Wunder der Geschichte, Kunst und Kultur im digitalen Zeitalter weiter zu erforschen, zu erneuern und zu teilen. Lassen Sie uns zusammenarbeiten, um das Erbe zu bewahren und zuk\u00fcnftige Generationen durch umfassende digitale Erlebnisse zu inspirieren.<\/p>\n\t\t\t\t\t\t\t\t<\/div>\n\t\t\t\t<\/div>\n\t\t\t\t\t<\/div>\n\t\t\t\t<\/div>\n\t\t<div class=\"elementor-element elementor-element-e248743 e-flex e-con-boxed elementor-invisible e-con e-parent\" data-id=\"e248743\" data-element_type=\"container\" data-e-type=\"container\" data-settings=\"{&quot;animation&quot;:&quot;fadeIn&quot;,&quot;animation_delay&quot;:200}\">\n\t\t\t\t\t<div class=\"e-con-inner\">\n\t\t\t\t<div class=\"elementor-element elementor-element-6b7618d elementor-widget elementor-widget-heading\" data-id=\"6b7618d\" data-element_type=\"widget\" data-e-type=\"widget\" data-widget_type=\"heading.default\">\n\t\t\t\t<div class=\"elementor-widget-container\">\n\t\t\t\t\t<h3 class=\"elementor-heading-title elementor-size-default\">Entdecken Sie unsere Expertise<\/h3>\t\t\t\t<\/div>\n\t\t\t\t<\/div>\n\t\t\t\t<div class=\"elementor-element elementor-element-ffa58ee elementor-widget elementor-widget-text-editor\" data-id=\"ffa58ee\" data-element_type=\"widget\" data-e-type=\"widget\" data-widget_type=\"text-editor.default\">\n\t\t\t\t<div class=\"elementor-widget-container\">\n\t\t\t\t\t\t\t\t\t<p>Entdecken Sie unsere Dienstleistungen und sehen Sie, wie wir Ihre Vision zum Leben erwecken k\u00f6nnen!<\/p>\t\t\t\t\t\t\t\t<\/div>\n\t\t\t\t<\/div>\n\t\t\t\t<div class=\"elementor-element elementor-element-6a97e5f elementor-widget elementor-widget-html\" data-id=\"6a97e5f\" data-element_type=\"widget\" data-e-type=\"widget\" data-widget_type=\"html.default\">\n\t\t\t\t<div class=\"elementor-widget-container\">\n\t\t\t\t\t  <div class=\"button\">\r\n    <a class=\"aBtn\" href=\"https:\/\/era-ex-machina.com\/de\/services\/\">\r\n        <p>Unsere Dienstleistungen<\/p>\r\n        <div class=\"hoverBtn\"><\/div>\r\n     <\/a>\r\n  <\/div>\t\t\t\t<\/div>\n\t\t\t\t<\/div>\n\t\t\t\t\t<\/div>\n\t\t\t\t<\/div>\n\t\t\t\t<\/div>","protected":false},"excerpt":{"rendered":"<p>Where Cultural Studies Meet Digital Innovation Welcome to our digital innovation hub! We are a passionate couple, Ellen and Florian, with a shared love for history and a commitment to bringing it to life through cutting-edge technology. With advanced degrees in Classical Archaeology, Classical Philology, and Ancient History from the prestigious universities of Gie\u00dfen and [&hellip;]<\/p>\n","protected":false},"author":1,"featured_media":1745,"parent":0,"menu_order":2,"comment_status":"open","ping_status":"closed","template":"","meta":{"nf_dc_page":"","footnotes":""},"class_list":["post-15","page","type-page","status-publish","has-post-thumbnail","hentry"],"_links":{"self":[{"href":"https:\/\/era-ex-machina.com\/de\/wp-json\/wp\/v2\/pages\/15","targetHints":{"allow":["GET"]}}],"collection":[{"href":"https:\/\/era-ex-machina.com\/de\/wp-json\/wp\/v2\/pages"}],"about":[{"href":"https:\/\/era-ex-machina.com\/de\/wp-json\/wp\/v2\/types\/page"}],"author":[{"embeddable":true,"href":"https:\/\/era-ex-machina.com\/de\/wp-json\/wp\/v2\/users\/1"}],"replies":[{"embeddable":true,"href":"https:\/\/era-ex-machina.com\/de\/wp-json\/wp\/v2\/comments?post=15"}],"version-history":[{"count":90,"href":"https:\/\/era-ex-machina.com\/de\/wp-json\/wp\/v2\/pages\/15\/revisions"}],"predecessor-version":[{"id":2311,"href":"https:\/\/era-ex-machina.com\/de\/wp-json\/wp\/v2\/pages\/15\/revisions\/2311"}],"wp:featuredmedia":[{"embeddable":true,"href":"https:\/\/era-ex-machina.com\/de\/wp-json\/wp\/v2\/media\/1745"}],"wp:attachment":[{"href":"https:\/\/era-ex-machina.com\/de\/wp-json\/wp\/v2\/media?parent=15"}],"curies":[{"name":"wp","href":"https:\/\/api.w.org\/{rel}","templated":true}]}}