{"id":19,"date":"2024-11-06T17:15:28","date_gmt":"2024-11-06T17:15:28","guid":{"rendered":"https:\/\/era-ex-machina.com\/?page_id=19"},"modified":"2026-03-19T17:33:05","modified_gmt":"2026-03-19T17:33:05","slug":"blog","status":"publish","type":"page","link":"https:\/\/era-ex-machina.com\/de\/blog\/","title":{"rendered":"Blog"},"content":{"rendered":"<div data-elementor-type=\"wp-page\" data-elementor-id=\"19\" class=\"elementor elementor-19\" data-elementor-post-type=\"page\">\n\t\t\t\t<div class=\"elementor-element elementor-element-a04d7e1 e-con-full e-flex e-con e-parent\" data-id=\"a04d7e1\" data-element_type=\"container\" data-e-type=\"container\" data-settings=\"{&quot;background_background&quot;:&quot;gradient&quot;}\">\n\t\t\t\t<div class=\"elementor-element elementor-element-3b641dd aurora-box elementor-widget elementor-widget-html\" data-id=\"3b641dd\" data-element_type=\"widget\" data-e-type=\"widget\" data-widget_type=\"html.default\">\n\t\t\t\t<div class=\"elementor-widget-container\">\n\t\t\t\t\t<div class=\"aurora-box\">\r\n<div class=\"aurora-container\">\r\n<div class=\"colour-1\"><\/div>\r\n<div class=\"colour-2\"><\/div>\r\n<div class=\"colour-3\"><\/div>\r\n<\/div>\r\n<\/div>\t\t\t\t<\/div>\n\t\t\t\t<\/div>\n\t\t<div class=\"elementor-element elementor-element-80e11e3 e-flex e-con-boxed e-con e-child\" data-id=\"80e11e3\" data-element_type=\"container\" data-e-type=\"container\">\n\t\t\t\t\t<div class=\"e-con-inner\">\n\t\t<div class=\"elementor-element elementor-element-12f8ad5 e-con-full e-flex e-con e-child\" data-id=\"12f8ad5\" data-element_type=\"container\" data-e-type=\"container\">\n\t\t\t\t<div class=\"elementor-element elementor-element-484cb7b elementor-invisible elementor-widget elementor-widget-text-editor\" data-id=\"484cb7b\" data-element_type=\"widget\" data-e-type=\"widget\" data-settings=\"{&quot;_animation&quot;:&quot;fadeIn&quot;,&quot;_animation_delay&quot;:300}\" data-widget_type=\"text-editor.default\">\n\t\t\t\t<div class=\"elementor-widget-container\">\n\t\t\t\t\t\t\t\t\t<h1>Erkenntnisse entdecken \u2013 Geschichten erleben<\/h1>\t\t\t\t\t\t\t\t<\/div>\n\t\t\t\t<\/div>\n\t\t\t\t<\/div>\n\t\t\t\t\t<\/div>\n\t\t\t\t<\/div>\n\t\t\t\t<\/div>\n\t\t<div class=\"elementor-element elementor-element-48cb3e9 animated-slow e-flex e-con-boxed elementor-invisible e-con e-parent\" data-id=\"48cb3e9\" data-element_type=\"container\" data-e-type=\"container\" data-settings=\"{&quot;animation&quot;:&quot;fadeIn&quot;,&quot;animation_delay&quot;:300}\">\n\t\t\t\t\t<div class=\"e-con-inner\">\n\t\t\t\t<div class=\"elementor-element elementor-element-285c25a elementor-grid-eael-col-3 elementor-grid-tablet-eael-col-2 elementor-grid-mobile-eael-col-1 elementor-widget elementor-widget-eael-post-grid\" data-id=\"285c25a\" data-element_type=\"widget\" data-e-type=\"widget\" data-settings=\"{&quot;eael_post_grid_columns&quot;:&quot;eael-col-3&quot;,&quot;eael_post_grid_columns_tablet&quot;:&quot;eael-col-2&quot;,&quot;eael_post_grid_columns_mobile&quot;:&quot;eael-col-1&quot;}\" data-widget_type=\"eael-post-grid.default\">\n\t\t\t\t<div class=\"elementor-widget-container\">\n\t\t\t\t\t<div id=\"eael-post-grid-285c25a\" class=\"eael-post-grid-container\">\n            <div class=\"eael-post-grid eael-post-appender eael-post-appender-285c25a eael-post-grid-style-two\" data-layout-mode=\"grid\"><article class=\"eael-grid-post  eael-post-grid-column eael-pg-post-1343 category-blogposts\" data-id=\"1343\">\n    <div class=\"eael-grid-post-holder\">\n        <div class=\"eael-grid-post-holder-inner\"><div class=\"eael-entry-media\"><div class=\"eael-entry-overlay zoom-in\"><i class=\"fas fa-long-arrow-alt-right\" aria-hidden=\"true\"><\/i><a href=\"https:\/\/era-ex-machina.com\/de\/bhow-augmented-reality-transforms-archaeological-parks\/\"><\/a><\/div><div class=\"eael-entry-thumbnail eael-image-ratio\">\n                            <img fetchpriority=\"high\" decoding=\"async\" width=\"300\" height=\"200\" src=\"https:\/\/era-ex-machina.com\/wp-content\/uploads\/2025\/02\/AdobeStock_541246482-300x200.jpeg\" class=\"attachment-medium size-medium wp-image-1827\" alt=\"\" srcset=\"https:\/\/era-ex-machina.com\/wp-content\/uploads\/2025\/02\/AdobeStock_541246482-300x200.jpeg 300w, https:\/\/era-ex-machina.com\/wp-content\/uploads\/2025\/02\/AdobeStock_541246482-1024x683.jpeg 1024w, https:\/\/era-ex-machina.com\/wp-content\/uploads\/2025\/02\/AdobeStock_541246482-768x512.jpeg 768w, https:\/\/era-ex-machina.com\/wp-content\/uploads\/2025\/02\/AdobeStock_541246482-1536x1024.jpeg 1536w, https:\/\/era-ex-machina.com\/wp-content\/uploads\/2025\/02\/AdobeStock_541246482-2048x1365.jpeg 2048w, https:\/\/era-ex-machina.com\/wp-content\/uploads\/2025\/02\/AdobeStock_541246482-18x12.jpeg 18w\" sizes=\"(max-width: 300px) 100vw, 300px\" \/>\n                            <\/div>\n                    <\/div><div class=\"eael-entry-wrapper\"><header class=\"eael-entry-header\"><h2 class=\"eael-entry-title\"><a class=\"eael-grid-post-link\" href=\"https:\/\/era-ex-machina.com\/de\/bhow-augmented-reality-transforms-archaeological-parks\/\" title=\"Br\u00fccke zwischen Zeit und Raum: Wie Augmented Reality arch\u00e4ologische Parks ver\u00e4ndert\">Br\u00fccke zwischen Zeit und Raum: Wie Augmented Reality arch\u00e4ologische Parks ver\u00e4ndert<\/a><\/h2><\/header><div class=\"eael-entry-content\">\n                                <div class=\"eael-grid-post-excerpt\"><p>In einer \u00c4ra, in der Technologie nahtlos in das t\u00e4gliche Leben einflie\u00dft, steht der Bereich Bildung und Unterhaltung \u2013 Edutainment \u2013 am Rande eines revolution\u00e4ren Wandels. Augmented Reality (AR)...<\/p><a href=\"https:\/\/era-ex-machina.com\/de\/bhow-augmented-reality-transforms-archaeological-parks\/\" class=\"eael-post-elements-readmore-btn\">Mehr lesen<\/a><\/div>\n                            <\/div><div class=\"eael-entry-header-after style-two\"><div class=\"eael-entry-meta\"><\/div><\/div><\/div><\/div>\n    <\/div>\n<\/article><article class=\"eael-grid-post  eael-post-grid-column eael-pg-post-1341 category-blogposts\" data-id=\"1341\">\n    <div class=\"eael-grid-post-holder\">\n        <div class=\"eael-grid-post-holder-inner\"><div class=\"eael-entry-media\"><div class=\"eael-entry-overlay zoom-in\"><i class=\"fas fa-long-arrow-alt-right\" aria-hidden=\"true\"><\/i><a href=\"https:\/\/era-ex-machina.com\/de\/how-educational-browser-games-enhance-museum-experiences\/\"><\/a><\/div><div class=\"eael-entry-thumbnail eael-image-ratio\">\n                            <img decoding=\"async\" width=\"300\" height=\"200\" src=\"https:\/\/era-ex-machina.com\/wp-content\/uploads\/2025\/02\/vorschau_eli-und-hano-300x200.jpg\" class=\"attachment-medium size-medium wp-image-1814\" alt=\"Cover Eli and Hano\" srcset=\"https:\/\/era-ex-machina.com\/wp-content\/uploads\/2025\/02\/vorschau_eli-und-hano-300x200.jpg 300w, https:\/\/era-ex-machina.com\/wp-content\/uploads\/2025\/02\/vorschau_eli-und-hano-768x512.jpg 768w, https:\/\/era-ex-machina.com\/wp-content\/uploads\/2025\/02\/vorschau_eli-und-hano-18x12.jpg 18w, https:\/\/era-ex-machina.com\/wp-content\/uploads\/2025\/02\/vorschau_eli-und-hano.jpg 960w\" sizes=\"(max-width: 300px) 100vw, 300px\" \/>\n                            <\/div>\n                    <\/div><div class=\"eael-entry-wrapper\"><header class=\"eael-entry-header\"><h2 class=\"eael-entry-title\"><a class=\"eael-grid-post-link\" href=\"https:\/\/era-ex-machina.com\/de\/how-educational-browser-games-enhance-museum-experiences\/\" title=\"Engagement wecken: Wie p\u00e4dagogische Browserspiele das Museumserlebnis bereichern\">Engagement wecken: Wie p\u00e4dagogische Browserspiele das Museumserlebnis bereichern<\/a><\/h2><\/header><div class=\"eael-entry-content\">\n                                <div class=\"eael-grid-post-excerpt\"><p>In einer Zeit, in der digitale Interaktion ein Eckpfeiler des t\u00e4glichen Lebens ist, suchen Museen st\u00e4ndig nach innovativen Wegen, um das Publikum zu begeistern. Ein leistungsstarkes Tool, das...<\/p><a href=\"https:\/\/era-ex-machina.com\/de\/how-educational-browser-games-enhance-museum-experiences\/\" class=\"eael-post-elements-readmore-btn\">Mehr lesen<\/a><\/div>\n                            <\/div><div class=\"eael-entry-header-after style-two\"><div class=\"eael-entry-meta\"><\/div><\/div><\/div><\/div>\n    <\/div>\n<\/article><article class=\"eael-grid-post  eael-post-grid-column eael-pg-post-1339 category-blogposts\" data-id=\"1339\">\n    <div class=\"eael-grid-post-holder\">\n        <div class=\"eael-grid-post-holder-inner\"><div class=\"eael-entry-media\"><div class=\"eael-entry-overlay zoom-in\"><i class=\"fas fa-long-arrow-alt-right\" aria-hidden=\"true\"><\/i><a href=\"https:\/\/era-ex-machina.com\/de\/unlocking-the-digital-doors-the-importance-and-benefits-of-accessible-websites\/\"><\/a><\/div><div class=\"eael-entry-thumbnail eael-image-ratio\">\n                            <img decoding=\"async\" width=\"300\" height=\"200\" src=\"https:\/\/era-ex-machina.com\/wp-content\/uploads\/2024\/12\/Accessibility-300x200.png\" class=\"attachment-medium size-medium wp-image-2026\" alt=\"Man in wheelchair looking at smartphone while visiting an art exhibit, with artwork and people visible in background, creating a thoughtful and contemplative atmosphere\" srcset=\"https:\/\/era-ex-machina.com\/wp-content\/uploads\/2024\/12\/Accessibility-300x200.png 300w, https:\/\/era-ex-machina.com\/wp-content\/uploads\/2024\/12\/Accessibility-1024x683.png 1024w, https:\/\/era-ex-machina.com\/wp-content\/uploads\/2024\/12\/Accessibility-768x512.png 768w, https:\/\/era-ex-machina.com\/wp-content\/uploads\/2024\/12\/Accessibility-1536x1024.png 1536w, https:\/\/era-ex-machina.com\/wp-content\/uploads\/2024\/12\/Accessibility-18x12.png 18w, https:\/\/era-ex-machina.com\/wp-content\/uploads\/2024\/12\/Accessibility.png 1920w\" sizes=\"(max-width: 300px) 100vw, 300px\" \/>\n                            <\/div>\n                    <\/div><div class=\"eael-entry-wrapper\"><header class=\"eael-entry-header\"><h2 class=\"eael-entry-title\"><a class=\"eael-grid-post-link\" href=\"https:\/\/era-ex-machina.com\/de\/unlocking-the-digital-doors-the-importance-and-benefits-of-accessible-websites\/\" title=\"Digitale T\u00fcren aufsto\u00dfen: Die Bedeutung und Vorteile barrierefreier Websites\">Digitale T\u00fcren aufsto\u00dfen: Die Bedeutung und Vorteile barrierefreier Websites<\/a><\/h2><\/header><div class=\"eael-entry-content\">\n                                <div class=\"eael-grid-post-excerpt\"><p>Im heutigen digitalen Zeitalter ist die Website eines Museums mehr als nur eine virtuelle Brosch\u00fcre \u2013 es ist ein dynamisches Portal, das Besucher aus aller Welt einl\u00e4dt, ...<\/p><a href=\"https:\/\/era-ex-machina.com\/de\/unlocking-the-digital-doors-the-importance-and-benefits-of-accessible-websites\/\" class=\"eael-post-elements-readmore-btn\">Mehr lesen<\/a><\/div>\n                            <\/div><div class=\"eael-entry-header-after style-two\"><div class=\"eael-entry-meta\"><\/div><\/div><\/div><\/div>\n    <\/div>\n<\/article><article class=\"eael-grid-post  eael-post-grid-column eael-pg-post-1335 category-blogposts\" data-id=\"1335\">\n    <div class=\"eael-grid-post-holder\">\n        <div class=\"eael-grid-post-holder-inner\"><div class=\"eael-entry-media\"><div class=\"eael-entry-overlay zoom-in\"><i class=\"fas fa-long-arrow-alt-right\" aria-hidden=\"true\"><\/i><a href=\"https:\/\/era-ex-machina.com\/de\/unlocking-the-future-why-investing-in-digital-presence-is-a-game-changer-for-museums\/\"><\/a><\/div><div class=\"eael-entry-thumbnail eael-image-ratio\">\n                            <img loading=\"lazy\" decoding=\"async\" width=\"300\" height=\"200\" src=\"https:\/\/era-ex-machina.com\/wp-content\/uploads\/2025\/02\/AdobeStock_521473008_Editorial_Use_Only-300x200.jpeg\" class=\"attachment-medium size-medium wp-image-1778\" alt=\"TOKYO, JAPAN - JUL 20, 2022: The Tokyo National Museum (Tokyo Kokuritsu Hakubutsukan) or TNM is an art museum in the Ueno Park in the Taito ward of Tokyo, Japan.\" srcset=\"https:\/\/era-ex-machina.com\/wp-content\/uploads\/2025\/02\/AdobeStock_521473008_Editorial_Use_Only-300x200.jpeg 300w, https:\/\/era-ex-machina.com\/wp-content\/uploads\/2025\/02\/AdobeStock_521473008_Editorial_Use_Only-1024x683.jpeg 1024w, https:\/\/era-ex-machina.com\/wp-content\/uploads\/2025\/02\/AdobeStock_521473008_Editorial_Use_Only-768x513.jpeg 768w, https:\/\/era-ex-machina.com\/wp-content\/uploads\/2025\/02\/AdobeStock_521473008_Editorial_Use_Only-1536x1025.jpeg 1536w, https:\/\/era-ex-machina.com\/wp-content\/uploads\/2025\/02\/AdobeStock_521473008_Editorial_Use_Only-2048x1367.jpeg 2048w, https:\/\/era-ex-machina.com\/wp-content\/uploads\/2025\/02\/AdobeStock_521473008_Editorial_Use_Only-18x12.jpeg 18w\" sizes=\"(max-width: 300px) 100vw, 300px\" \/>\n                            <\/div>\n                    <\/div><div class=\"eael-entry-wrapper\"><header class=\"eael-entry-header\"><h2 class=\"eael-entry-title\"><a class=\"eael-grid-post-link\" href=\"https:\/\/era-ex-machina.com\/de\/unlocking-the-future-why-investing-in-digital-presence-is-a-game-changer-for-museums\/\" title=\"Die Zukunft erschlie\u00dfen: Warum Investitionen in die digitale Pr\u00e4senz f\u00fcr Museen von entscheidender Bedeutung sind\">Die Zukunft erschlie\u00dfen: Warum Investitionen in die digitale Pr\u00e4senz f\u00fcr Museen von entscheidender Bedeutung sind<\/a><\/h2><\/header><div class=\"eael-entry-content\">\n                                <div class=\"eael-grid-post-excerpt\"><p>In der heutigen hypervernetzten Welt haben Museen die unglaubliche M\u00f6glichkeit, ihren Einfluss weit \u00fcber ihre physischen Mauern hinaus auszudehnen. Die Investition in eine digitale Pr\u00e4senz ist nicht nur...<\/p><a href=\"https:\/\/era-ex-machina.com\/de\/unlocking-the-future-why-investing-in-digital-presence-is-a-game-changer-for-museums\/\" class=\"eael-post-elements-readmore-btn\">Mehr lesen<\/a><\/div>\n                            <\/div><div class=\"eael-entry-header-after style-two\"><div class=\"eael-entry-meta\"><\/div><\/div><\/div><\/div>\n    <\/div>\n<\/article><article class=\"eael-grid-post  eael-post-grid-column eael-pg-post-1333 category-blogposts\" data-id=\"1333\">\n    <div class=\"eael-grid-post-holder\">\n        <div class=\"eael-grid-post-holder-inner\"><div class=\"eael-entry-media\"><div class=\"eael-entry-overlay zoom-in\"><i class=\"fas fa-long-arrow-alt-right\" aria-hidden=\"true\"><\/i><a href=\"https:\/\/era-ex-machina.com\/de\/why-a-professionally-designed-website-is-crucial-for-a-unesco-world-heritage-site\/\"><\/a><\/div><div class=\"eael-entry-thumbnail eael-image-ratio\">\n                            <img loading=\"lazy\" decoding=\"async\" width=\"300\" height=\"129\" src=\"https:\/\/era-ex-machina.com\/wp-content\/uploads\/2025\/02\/Slider_Saalburg_tor-300x129.jpg\" class=\"attachment-medium size-medium wp-image-1795\" alt=\"Saalburg museum entrance\" srcset=\"https:\/\/era-ex-machina.com\/wp-content\/uploads\/2025\/02\/Slider_Saalburg_tor-300x129.jpg 300w, https:\/\/era-ex-machina.com\/wp-content\/uploads\/2025\/02\/Slider_Saalburg_tor-1024x439.jpg 1024w, https:\/\/era-ex-machina.com\/wp-content\/uploads\/2025\/02\/Slider_Saalburg_tor-768x329.jpg 768w, https:\/\/era-ex-machina.com\/wp-content\/uploads\/2025\/02\/Slider_Saalburg_tor-1536x658.jpg 1536w, https:\/\/era-ex-machina.com\/wp-content\/uploads\/2025\/02\/Slider_Saalburg_tor-18x8.jpg 18w, https:\/\/era-ex-machina.com\/wp-content\/uploads\/2025\/02\/Slider_Saalburg_tor.jpg 1920w\" sizes=\"(max-width: 300px) 100vw, 300px\" \/>\n                            <\/div>\n                    <\/div><div class=\"eael-entry-wrapper\"><header class=\"eael-entry-header\"><h2 class=\"eael-entry-title\"><a class=\"eael-grid-post-link\" href=\"https:\/\/era-ex-machina.com\/de\/why-a-professionally-designed-website-is-crucial-for-a-unesco-world-heritage-site\/\" title=\"Warum eine professionell gestaltete Website f\u00fcr eine UNESCO-Welterbest\u00e4tte von entscheidender Bedeutung ist\">Warum eine professionell gestaltete Website f\u00fcr eine UNESCO-Welterbest\u00e4tte von entscheidender Bedeutung ist<\/a><\/h2><\/header><div class=\"eael-entry-content\">\n                                <div class=\"eael-grid-post-excerpt\"><p>Wenn Sie eine UNESCO-Welterbest\u00e4tte oder ein UNESCO-Welterbemuseum verwalten, wissen Sie bereits, welche enorme Verantwortung mit der Erhaltung und Pr\u00e4sentation eines St\u00fccks ... einhergeht.<\/p><a href=\"https:\/\/era-ex-machina.com\/de\/why-a-professionally-designed-website-is-crucial-for-a-unesco-world-heritage-site\/\" class=\"eael-post-elements-readmore-btn\">Mehr lesen<\/a><\/div>\n                            <\/div><div class=\"eael-entry-header-after style-two\"><div class=\"eael-entry-meta\"><\/div><\/div><\/div><\/div>\n    <\/div>\n<\/article><article class=\"eael-grid-post  eael-post-grid-column eael-pg-post-1331 category-blogposts\" data-id=\"1331\">\n    <div class=\"eael-grid-post-holder\">\n        <div class=\"eael-grid-post-holder-inner\"><div class=\"eael-entry-media\"><div class=\"eael-entry-overlay zoom-in\"><i class=\"fas fa-long-arrow-alt-right\" aria-hidden=\"true\"><\/i><a href=\"https:\/\/era-ex-machina.com\/de\/why-combining-elementor-plugins-and-custom-development-is-the-best-choice-for-your-museums-website\/\"><\/a><\/div><div class=\"eael-entry-thumbnail eael-image-ratio\">\n                            <img loading=\"lazy\" decoding=\"async\" width=\"300\" height=\"104\" src=\"https:\/\/era-ex-machina.com\/wp-content\/uploads\/2024\/12\/Screenshot-2024-12-03-165823-300x104.png\" class=\"attachment-medium size-medium wp-image-905\" alt=\"Website services\" srcset=\"https:\/\/era-ex-machina.com\/wp-content\/uploads\/2024\/12\/Screenshot-2024-12-03-165823-300x104.png 300w, https:\/\/era-ex-machina.com\/wp-content\/uploads\/2024\/12\/Screenshot-2024-12-03-165823-1024x356.png 1024w, https:\/\/era-ex-machina.com\/wp-content\/uploads\/2024\/12\/Screenshot-2024-12-03-165823-768x267.png 768w, https:\/\/era-ex-machina.com\/wp-content\/uploads\/2024\/12\/Screenshot-2024-12-03-165823-1536x534.png 1536w, https:\/\/era-ex-machina.com\/wp-content\/uploads\/2024\/12\/Screenshot-2024-12-03-165823-18x6.png 18w, https:\/\/era-ex-machina.com\/wp-content\/uploads\/2024\/12\/Screenshot-2024-12-03-165823.png 1912w\" sizes=\"(max-width: 300px) 100vw, 300px\" \/>\n                            <\/div>\n                    <\/div><div class=\"eael-entry-wrapper\"><header class=\"eael-entry-header\"><h2 class=\"eael-entry-title\"><a class=\"eael-grid-post-link\" href=\"https:\/\/era-ex-machina.com\/de\/why-combining-elementor-plugins-and-custom-development-is-the-best-choice-for-your-museums-website\/\" title=\"Warum die Kombination von Elementor, Plugins und benutzerdefinierter Entwicklung die beste Wahl f\u00fcr die Website Ihres Museums ist\">Warum die Kombination von Elementor, Plugins und benutzerdefinierter Entwicklung die beste Wahl f\u00fcr die Website Ihres Museums ist<\/a><\/h2><\/header><div class=\"eael-entry-content\">\n                                <div class=\"eael-grid-post-excerpt\"><p>Sie denken also dar\u00fcber nach, die Website Ihres Museums zu erstellen oder zu aktualisieren, und fragen sich: \u201eKann ich einfach meine eigene Website erstellen?\u201c Das ist eine berechtigte Frage. Mit...<\/p><a href=\"https:\/\/era-ex-machina.com\/de\/why-combining-elementor-plugins-and-custom-development-is-the-best-choice-for-your-museums-website\/\" class=\"eael-post-elements-readmore-btn\">Mehr lesen<\/a><\/div>\n                            <\/div><div class=\"eael-entry-header-after style-two\"><div class=\"eael-entry-meta\"><\/div><\/div><\/div><\/div>\n    <\/div>\n<\/article><\/div>\n            <div class=\"clearfix\"><\/div>\n        <\/div>\t\t\t\t<\/div>\n\t\t\t\t<\/div>\n\t\t\t\t\t<\/div>\n\t\t\t\t<\/div>\n\t\t\t\t<\/div>","protected":false},"excerpt":{"rendered":"<p>Exploring Insights, One Post at a Time Bridging Time and Space: How Augmented Reality Transforms Archaeological Parks In an era where technology intertwines seamlessly with daily life, the realm of education and entertainment\u2014edutainment\u2014stands on the brink of revolutionary change. Augmented Reality (AR)&#8230; Read More Unlocking Engagement: How Educational Browser Games Enhance Museum Experiences In an [&hellip;]<\/p>\n","protected":false},"author":1,"featured_media":1745,"parent":0,"menu_order":3,"comment_status":"open","ping_status":"closed","template":"","meta":{"nf_dc_page":"","footnotes":""},"class_list":["post-19","page","type-page","status-publish","has-post-thumbnail","hentry"],"_links":{"self":[{"href":"https:\/\/era-ex-machina.com\/de\/wp-json\/wp\/v2\/pages\/19","targetHints":{"allow":["GET"]}}],"collection":[{"href":"https:\/\/era-ex-machina.com\/de\/wp-json\/wp\/v2\/pages"}],"about":[{"href":"https:\/\/era-ex-machina.com\/de\/wp-json\/wp\/v2\/types\/page"}],"author":[{"embeddable":true,"href":"https:\/\/era-ex-machina.com\/de\/wp-json\/wp\/v2\/users\/1"}],"replies":[{"embeddable":true,"href":"https:\/\/era-ex-machina.com\/de\/wp-json\/wp\/v2\/comments?post=19"}],"version-history":[{"count":76,"href":"https:\/\/era-ex-machina.com\/de\/wp-json\/wp\/v2\/pages\/19\/revisions"}],"predecessor-version":[{"id":2081,"href":"https:\/\/era-ex-machina.com\/de\/wp-json\/wp\/v2\/pages\/19\/revisions\/2081"}],"wp:featuredmedia":[{"embeddable":true,"href":"https:\/\/era-ex-machina.com\/de\/wp-json\/wp\/v2\/media\/1745"}],"wp:attachment":[{"href":"https:\/\/era-ex-machina.com\/de\/wp-json\/wp\/v2\/media?parent=19"}],"curies":[{"name":"wp","href":"https:\/\/api.w.org\/{rel}","templated":true}]}}