{"id":2173,"date":"2025-02-13T19:19:57","date_gmt":"2025-02-13T19:19:57","guid":{"rendered":"https:\/\/era-ex-machina.com\/?page_id=2173"},"modified":"2026-03-19T17:33:05","modified_gmt":"2026-03-19T17:33:05","slug":"stories","status":"publish","type":"page","link":"https:\/\/era-ex-machina.com\/de\/stories\/","title":{"rendered":"Erfolge"},"content":{"rendered":"<div data-elementor-type=\"wp-page\" data-elementor-id=\"2173\" class=\"elementor elementor-2173\" data-elementor-post-type=\"page\">\n\t\t\t\t<div class=\"elementor-element elementor-element-a04d7e1 e-con-full e-flex e-con e-parent\" data-id=\"a04d7e1\" data-element_type=\"container\" data-e-type=\"container\" data-settings=\"{&quot;background_background&quot;:&quot;gradient&quot;}\">\n\t\t\t\t<div class=\"elementor-element elementor-element-3b641dd aurora-box elementor-widget elementor-widget-html\" data-id=\"3b641dd\" data-element_type=\"widget\" data-e-type=\"widget\" data-widget_type=\"html.default\">\n\t\t\t\t<div class=\"elementor-widget-container\">\n\t\t\t\t\t<div class=\"aurora-box\">\r\n<div class=\"aurora-container\">\r\n<div class=\"colour-1\"><\/div>\r\n<div class=\"colour-2\"><\/div>\r\n<div class=\"colour-3\"><\/div>\r\n<\/div>\r\n<\/div>\t\t\t\t<\/div>\n\t\t\t\t<\/div>\n\t\t<div class=\"elementor-element elementor-element-80e11e3 e-flex e-con-boxed e-con e-child\" data-id=\"80e11e3\" data-element_type=\"container\" data-e-type=\"container\">\n\t\t\t\t\t<div class=\"e-con-inner\">\n\t\t<div class=\"elementor-element elementor-element-12f8ad5 e-con-full e-flex e-con e-child\" data-id=\"12f8ad5\" data-element_type=\"container\" data-e-type=\"container\">\n\t\t\t\t<div class=\"elementor-element elementor-element-484cb7b elementor-invisible elementor-widget elementor-widget-text-editor\" data-id=\"484cb7b\" data-element_type=\"widget\" data-e-type=\"widget\" data-settings=\"{&quot;_animation&quot;:&quot;fadeIn&quot;,&quot;_animation_delay&quot;:300}\" data-widget_type=\"text-editor.default\">\n\t\t\t\t<div class=\"elementor-widget-container\">\n\t\t\t\t\t\t\t\t\t<h1>Entdecken Sie unsere Erfolgsgeschichten<\/h1>\t\t\t\t\t\t\t\t<\/div>\n\t\t\t\t<\/div>\n\t\t\t\t<\/div>\n\t\t\t\t\t<\/div>\n\t\t\t\t<\/div>\n\t\t\t\t<\/div>\n\t\t<div class=\"elementor-element elementor-element-48cb3e9 animated-slow e-flex e-con-boxed elementor-invisible e-con e-parent\" data-id=\"48cb3e9\" data-element_type=\"container\" data-e-type=\"container\" data-settings=\"{&quot;animation&quot;:&quot;fadeIn&quot;,&quot;animation_delay&quot;:300}\">\n\t\t\t\t\t<div class=\"e-con-inner\">\n\t\t\t\t<div class=\"elementor-element elementor-element-285c25a elementor-grid-eael-col-3 elementor-grid-tablet-eael-col-2 elementor-grid-mobile-eael-col-1 elementor-widget elementor-widget-eael-post-grid\" data-id=\"285c25a\" data-element_type=\"widget\" data-e-type=\"widget\" data-settings=\"{&quot;eael_post_grid_columns&quot;:&quot;eael-col-3&quot;,&quot;eael_post_grid_columns_tablet&quot;:&quot;eael-col-2&quot;,&quot;eael_post_grid_columns_mobile&quot;:&quot;eael-col-1&quot;}\" data-widget_type=\"eael-post-grid.default\">\n\t\t\t\t<div class=\"elementor-widget-container\">\n\t\t\t\t\t<div id=\"eael-post-grid-285c25a\" class=\"eael-post-grid-container\">\n            <div class=\"eael-post-grid eael-post-appender eael-post-appender-285c25a eael-post-grid-style-two\" data-layout-mode=\"grid\"><article class=\"eael-grid-post  eael-post-grid-column eael-pg-post-2098 category-stories\" data-id=\"2098\">\n    <div class=\"eael-grid-post-holder\">\n        <div class=\"eael-grid-post-holder-inner\"><div class=\"eael-entry-media\"><div class=\"eael-entry-overlay zoom-in\"><i class=\"fas fa-long-arrow-alt-right\" aria-hidden=\"true\"><\/i><a href=\"https:\/\/era-ex-machina.com\/de\/revitalizing-heritage-a-digital-transformation-at-the-saalburg-museum\/\"><\/a><\/div><div class=\"eael-entry-thumbnail eael-image-ratio\">\n                            <img decoding=\"async\" width=\"300\" height=\"129\" src=\"https:\/\/era-ex-machina.com\/wp-content\/uploads\/2025\/02\/Slider_Saalburg_tor-300x129.jpg\" class=\"attachment-medium size-medium wp-image-1795\" alt=\"Saalburg museum entrance\" srcset=\"https:\/\/era-ex-machina.com\/wp-content\/uploads\/2025\/02\/Slider_Saalburg_tor-300x129.jpg 300w, https:\/\/era-ex-machina.com\/wp-content\/uploads\/2025\/02\/Slider_Saalburg_tor-1024x439.jpg 1024w, https:\/\/era-ex-machina.com\/wp-content\/uploads\/2025\/02\/Slider_Saalburg_tor-768x329.jpg 768w, https:\/\/era-ex-machina.com\/wp-content\/uploads\/2025\/02\/Slider_Saalburg_tor-1536x658.jpg 1536w, https:\/\/era-ex-machina.com\/wp-content\/uploads\/2025\/02\/Slider_Saalburg_tor-18x8.jpg 18w, https:\/\/era-ex-machina.com\/wp-content\/uploads\/2025\/02\/Slider_Saalburg_tor.jpg 1920w\" sizes=\"(max-width: 300px) 100vw, 300px\" \/>\n                            <\/div>\n                    <\/div><div class=\"eael-entry-wrapper\"><header class=\"eael-entry-header\"><h2 class=\"eael-entry-title\"><a class=\"eael-grid-post-link\" href=\"https:\/\/era-ex-machina.com\/de\/revitalizing-heritage-a-digital-transformation-at-the-saalburg-museum\/\" title=\"Revitalisierung des Kulturerbes: Digitale Transformation im Saalburg Museum\">Revitalisierung des Kulturerbes: Digitale Transformation im Saalburg Museum<\/a><\/h2><\/header><div class=\"eael-entry-content\">\n                                <div class=\"eael-grid-post-excerpt\"><p>Eingebettet in das ruhige Taunusgebirge in Deutschland steht das Saalburg-Museum als sorgf\u00e4ltig rekonstruiertes r\u00f6misches Fort und bietet einen lebendigen Einblick in die antike r\u00f6mische Zeit.<\/p><a href=\"https:\/\/era-ex-machina.com\/de\/revitalizing-heritage-a-digital-transformation-at-the-saalburg-museum\/\" class=\"eael-post-elements-readmore-btn\">Mehr lesen<\/a><\/div>\n                            <\/div><div class=\"eael-entry-header-after style-two\"><div class=\"eael-entry-meta\"><\/div><\/div><\/div><\/div>\n    <\/div>\n<\/article><article class=\"eael-grid-post  eael-post-grid-column eael-pg-post-2142 category-stories\" data-id=\"2142\">\n    <div class=\"eael-grid-post-holder\">\n        <div class=\"eael-grid-post-holder-inner\"><div class=\"eael-entry-media\"><div class=\"eael-entry-overlay zoom-in\"><i class=\"fas fa-long-arrow-alt-right\" aria-hidden=\"true\"><\/i><a href=\"https:\/\/era-ex-machina.com\/de\/digitizing-heritage-transforming-collections-with-alm-hessen\/\"><\/a><\/div><div class=\"eael-entry-thumbnail eael-image-ratio\">\n                            <img fetchpriority=\"high\" decoding=\"async\" width=\"300\" height=\"200\" src=\"https:\/\/era-ex-machina.com\/wp-content\/uploads\/2025\/02\/AdobeStock_521473008_Editorial_Use_Only-300x200.jpeg\" class=\"attachment-medium size-medium wp-image-1778\" alt=\"TOKYO, JAPAN - JUL 20, 2022: The Tokyo National Museum (Tokyo Kokuritsu Hakubutsukan) or TNM is an art museum in the Ueno Park in the Taito ward of Tokyo, Japan.\" srcset=\"https:\/\/era-ex-machina.com\/wp-content\/uploads\/2025\/02\/AdobeStock_521473008_Editorial_Use_Only-300x200.jpeg 300w, https:\/\/era-ex-machina.com\/wp-content\/uploads\/2025\/02\/AdobeStock_521473008_Editorial_Use_Only-1024x683.jpeg 1024w, https:\/\/era-ex-machina.com\/wp-content\/uploads\/2025\/02\/AdobeStock_521473008_Editorial_Use_Only-768x513.jpeg 768w, https:\/\/era-ex-machina.com\/wp-content\/uploads\/2025\/02\/AdobeStock_521473008_Editorial_Use_Only-1536x1025.jpeg 1536w, https:\/\/era-ex-machina.com\/wp-content\/uploads\/2025\/02\/AdobeStock_521473008_Editorial_Use_Only-2048x1367.jpeg 2048w, https:\/\/era-ex-machina.com\/wp-content\/uploads\/2025\/02\/AdobeStock_521473008_Editorial_Use_Only-18x12.jpeg 18w\" sizes=\"(max-width: 300px) 100vw, 300px\" \/>\n                            <\/div>\n                    <\/div><div class=\"eael-entry-wrapper\"><header class=\"eael-entry-header\"><h2 class=\"eael-entry-title\"><a class=\"eael-grid-post-link\" href=\"https:\/\/era-ex-machina.com\/de\/digitizing-heritage-transforming-collections-with-alm-hessen\/\" title=\"Digitalisierung des Kulturerbes: Sammlungen transformieren mit ALM-Hessen\">Digitalisierung des Kulturerbes: Sammlungen transformieren mit ALM-Hessen<\/a><\/h2><\/header><div class=\"eael-entry-content\">\n                                <div class=\"eael-grid-post-excerpt\"><p>Das Landesamt f\u00fcr Denkmalpflege Hessen (ALM-Hessen) ist eine wichtige kulturelle Einrichtung, die sich der Erhaltung, Erforschung und F\u00f6rderung des reichen kulturellen Erbes Hessens widmet. Als Verwalter...<\/p><a href=\"https:\/\/era-ex-machina.com\/de\/digitizing-heritage-transforming-collections-with-alm-hessen\/\" class=\"eael-post-elements-readmore-btn\">Mehr lesen<\/a><\/div>\n                            <\/div><div class=\"eael-entry-header-after style-two\"><div class=\"eael-entry-meta\"><\/div><\/div><\/div><\/div>\n    <\/div>\n<\/article><article class=\"eael-grid-post  eael-post-grid-column eael-pg-post-2193 category-stories\" data-id=\"2193\">\n    <div class=\"eael-grid-post-holder\">\n        <div class=\"eael-grid-post-holder-inner\"><div class=\"eael-entry-media\"><div class=\"eael-entry-overlay zoom-in\"><i class=\"fas fa-long-arrow-alt-right\" aria-hidden=\"true\"><\/i><a href=\"https:\/\/era-ex-machina.com\/de\/innovating-cultural-engagement-at-keltenwelt-am-glauberg\/\"><\/a><\/div><div class=\"eael-entry-thumbnail eael-image-ratio\">\n                            <img decoding=\"async\" width=\"300\" height=\"164\" src=\"https:\/\/era-ex-machina.com\/wp-content\/uploads\/2025\/02\/Guided-Tours-1-300x164.png\" class=\"attachment-medium size-medium wp-image-2198\" alt=\"Guided Tours - Overview\" srcset=\"https:\/\/era-ex-machina.com\/wp-content\/uploads\/2025\/02\/Guided-Tours-1-300x164.png 300w, https:\/\/era-ex-machina.com\/wp-content\/uploads\/2025\/02\/Guided-Tours-1-1024x560.png 1024w, https:\/\/era-ex-machina.com\/wp-content\/uploads\/2025\/02\/Guided-Tours-1-768x420.png 768w, https:\/\/era-ex-machina.com\/wp-content\/uploads\/2025\/02\/Guided-Tours-1-1536x840.png 1536w, https:\/\/era-ex-machina.com\/wp-content\/uploads\/2025\/02\/Guided-Tours-1-18x10.png 18w, https:\/\/era-ex-machina.com\/wp-content\/uploads\/2025\/02\/Guided-Tours-1.png 1558w\" sizes=\"(max-width: 300px) 100vw, 300px\" \/>\n                            <\/div>\n                    <\/div><div class=\"eael-entry-wrapper\"><header class=\"eael-entry-header\"><h2 class=\"eael-entry-title\"><a class=\"eael-grid-post-link\" href=\"https:\/\/era-ex-machina.com\/de\/innovating-cultural-engagement-at-keltenwelt-am-glauberg\/\" title=\"Innovatives kulturelles Engagement in der Keltenwelt am Glauberg\">Innovatives kulturelles Engagement in der Keltenwelt am Glauberg<\/a><\/h2><\/header><div class=\"eael-entry-content\">\n                                <div class=\"eael-grid-post-excerpt\"><p>Mit der Mission, die alte keltische Welt zum Leben zu erwecken, ist die Keltenwelt am Glauberg ein bemerkenswertes kulturelles Wahrzeichen in Deutschland. Hoch oben auf dem...<\/p><a href=\"https:\/\/era-ex-machina.com\/de\/innovating-cultural-engagement-at-keltenwelt-am-glauberg\/\" class=\"eael-post-elements-readmore-btn\">Mehr lesen<\/a><\/div>\n                            <\/div><div class=\"eael-entry-header-after style-two\"><div class=\"eael-entry-meta\"><\/div><\/div><\/div><\/div>\n    <\/div>\n<\/article><article class=\"eael-grid-post  eael-post-grid-column eael-pg-post-2211 category-stories\" data-id=\"2211\">\n    <div class=\"eael-grid-post-holder\">\n        <div class=\"eael-grid-post-holder-inner\"><div class=\"eael-entry-media\"><div class=\"eael-entry-overlay zoom-in\"><i class=\"fas fa-long-arrow-alt-right\" aria-hidden=\"true\"><\/i><a href=\"https:\/\/era-ex-machina.com\/de\/interactive-storytelling-bringing-celtic-life-to-young-learners\/\"><\/a><\/div><div class=\"eael-entry-thumbnail eael-image-ratio\">\n                            <img loading=\"lazy\" decoding=\"async\" width=\"300\" height=\"200\" src=\"https:\/\/era-ex-machina.com\/wp-content\/uploads\/2025\/02\/Thumbnail-300x200.jpg\" class=\"attachment-medium size-medium wp-image-2218\" alt=\"Cover Image\" srcset=\"https:\/\/era-ex-machina.com\/wp-content\/uploads\/2025\/02\/Thumbnail-300x200.jpg 300w, https:\/\/era-ex-machina.com\/wp-content\/uploads\/2025\/02\/Thumbnail-768x512.jpg 768w, https:\/\/era-ex-machina.com\/wp-content\/uploads\/2025\/02\/Thumbnail-18x12.jpg 18w, https:\/\/era-ex-machina.com\/wp-content\/uploads\/2025\/02\/Thumbnail.jpg 960w\" sizes=\"(max-width: 300px) 100vw, 300px\" \/>\n                            <\/div>\n                    <\/div><div class=\"eael-entry-wrapper\"><header class=\"eael-entry-header\"><h2 class=\"eael-entry-title\"><a class=\"eael-grid-post-link\" href=\"https:\/\/era-ex-machina.com\/de\/interactive-storytelling-bringing-celtic-life-to-young-learners\/\" title=\"Interaktives Geschichtenerz\u00e4hlen: Jungen Lernenden das keltische Leben n\u00e4herbringen\">Interaktives Geschichtenerz\u00e4hlen: Jungen Lernenden das keltische Leben n\u00e4herbringen<\/a><\/h2><\/header><div class=\"eael-entry-content\">\n                                <div class=\"eael-grid-post-excerpt\"><p>Mit der Mission zu bilden und zu inspirieren, wollte die Keltenwelt am Glauberg den Sch\u00fclern durch eine spannende und ... Geschichte das t\u00e4gliche Leben der Kelten n\u00e4herbringen.<\/p><a href=\"https:\/\/era-ex-machina.com\/de\/interactive-storytelling-bringing-celtic-life-to-young-learners\/\" class=\"eael-post-elements-readmore-btn\">Mehr lesen<\/a><\/div>\n                            <\/div><div class=\"eael-entry-header-after style-two\"><div class=\"eael-entry-meta\"><\/div><\/div><\/div><\/div>\n    <\/div>\n<\/article><article class=\"eael-grid-post  eael-post-grid-column eael-pg-post-2231 category-stories\" data-id=\"2231\">\n    <div class=\"eael-grid-post-holder\">\n        <div class=\"eael-grid-post-holder-inner\"><div class=\"eael-entry-media\"><div class=\"eael-entry-overlay zoom-in\"><i class=\"fas fa-long-arrow-alt-right\" aria-hidden=\"true\"><\/i><a href=\"https:\/\/era-ex-machina.com\/de\/bridging-cultures-translating-heritage-for-global-audiences\/\"><\/a><\/div><div class=\"eael-entry-thumbnail eael-image-ratio\">\n                            <img loading=\"lazy\" decoding=\"async\" width=\"300\" height=\"163\" src=\"https:\/\/era-ex-machina.com\/wp-content\/uploads\/2025\/02\/Translation-300x163.png\" class=\"attachment-medium size-medium wp-image-1838\" alt=\"Language Dictionary English German Concept\" srcset=\"https:\/\/era-ex-machina.com\/wp-content\/uploads\/2025\/02\/Translation-300x163.png 300w, https:\/\/era-ex-machina.com\/wp-content\/uploads\/2025\/02\/Translation-1024x557.png 1024w, https:\/\/era-ex-machina.com\/wp-content\/uploads\/2025\/02\/Translation-768x418.png 768w, https:\/\/era-ex-machina.com\/wp-content\/uploads\/2025\/02\/Translation-1536x836.png 1536w, https:\/\/era-ex-machina.com\/wp-content\/uploads\/2025\/02\/Translation-18x10.png 18w, https:\/\/era-ex-machina.com\/wp-content\/uploads\/2025\/02\/Translation.png 1984w\" sizes=\"(max-width: 300px) 100vw, 300px\" \/>\n                            <\/div>\n                    <\/div><div class=\"eael-entry-wrapper\"><header class=\"eael-entry-header\"><h2 class=\"eael-entry-title\"><a class=\"eael-grid-post-link\" href=\"https:\/\/era-ex-machina.com\/de\/bridging-cultures-translating-heritage-for-global-audiences\/\" title=\"Br\u00fccken zwischen Kulturen: Kulturerbe f\u00fcr ein globales Publikum \u00fcbersetzen\">Br\u00fccken zwischen Kulturen: Kulturerbe f\u00fcr ein globales Publikum \u00fcbersetzen<\/a><\/h2><\/header><div class=\"eael-entry-content\">\n                                <div class=\"eael-grid-post-excerpt\"><p>In einer Zeit, in der digitale Zug\u00e4nglichkeit von gr\u00f6\u00dfter Bedeutung ist, haben wir mit dem R\u00f6merkastellmuseum Saalburg und der Keltenwelt am Glauberg zusammengearbeitet, um ihre Reichweite auf ... auszudehnen.<\/p><a href=\"https:\/\/era-ex-machina.com\/de\/bridging-cultures-translating-heritage-for-global-audiences\/\" class=\"eael-post-elements-readmore-btn\">Mehr lesen<\/a><\/div>\n                            <\/div><div class=\"eael-entry-header-after style-two\"><div class=\"eael-entry-meta\"><\/div><\/div><\/div><\/div>\n    <\/div>\n<\/article><article class=\"eael-grid-post  eael-post-grid-column eael-pg-post-2282 category-stories\" data-id=\"2282\">\n    <div class=\"eael-grid-post-holder\">\n        <div class=\"eael-grid-post-holder-inner\"><div class=\"eael-entry-media\"><div class=\"eael-entry-overlay zoom-in\"><i class=\"fas fa-long-arrow-alt-right\" aria-hidden=\"true\"><\/i><a href=\"https:\/\/era-ex-machina.com\/de\/augmented-reality-park-guide-preserving-history-through-innovation\/\"><\/a><\/div><div class=\"eael-entry-thumbnail eael-image-ratio\">\n                            <img loading=\"lazy\" decoding=\"async\" width=\"300\" height=\"137\" src=\"https:\/\/era-ex-machina.com\/wp-content\/uploads\/2025\/02\/P4-mit-Markern-300x137.png\" class=\"attachment-medium size-medium wp-image-2289\" alt=\"3D model with accurate placement markers\" srcset=\"https:\/\/era-ex-machina.com\/wp-content\/uploads\/2025\/02\/P4-mit-Markern-300x137.png 300w, https:\/\/era-ex-machina.com\/wp-content\/uploads\/2025\/02\/P4-mit-Markern-1024x467.png 1024w, https:\/\/era-ex-machina.com\/wp-content\/uploads\/2025\/02\/P4-mit-Markern-768x350.png 768w, https:\/\/era-ex-machina.com\/wp-content\/uploads\/2025\/02\/P4-mit-Markern-18x8.png 18w, https:\/\/era-ex-machina.com\/wp-content\/uploads\/2025\/02\/P4-mit-Markern.png 1312w\" sizes=\"(max-width: 300px) 100vw, 300px\" \/>\n                            <\/div>\n                    <\/div><div class=\"eael-entry-wrapper\"><header class=\"eael-entry-header\"><h2 class=\"eael-entry-title\"><a class=\"eael-grid-post-link\" href=\"https:\/\/era-ex-machina.com\/de\/augmented-reality-park-guide-preserving-history-through-innovation\/\" title=\"Augmented Reality Parkf\u00fchrer: Geschichte bewahren durch Innovation\">Augmented Reality Parkf\u00fchrer: Geschichte bewahren durch Innovation<\/a><\/h2><\/header><div class=\"eael-entry-content\">\n                                <div class=\"eael-grid-post-excerpt\"><p>Mit der Mission, Geschichte lebendig zu machen und gleichzeitig die Integrit\u00e4t arch\u00e4ologischer St\u00e4tten zu bewahren, arbeiten wir an einem spannenden Augmented Reality (AR)-Projekt zusammen \u2026<\/p><a href=\"https:\/\/era-ex-machina.com\/de\/augmented-reality-park-guide-preserving-history-through-innovation\/\" class=\"eael-post-elements-readmore-btn\">Mehr lesen<\/a><\/div>\n                            <\/div><div class=\"eael-entry-header-after style-two\"><div class=\"eael-entry-meta\"><\/div><\/div><\/div><\/div>\n    <\/div>\n<\/article><\/div>\n            <div class=\"clearfix\"><\/div>\n        <\/div>\t\t\t\t<\/div>\n\t\t\t\t<\/div>\n\t\t\t\t\t<\/div>\n\t\t\t\t<\/div>\n\t\t\t\t<\/div>","protected":false},"excerpt":{"rendered":"<p>Explore our success Stories Revitalizing Heritage: A Digital Transformation at the Saalburg Museum Nestled amidst the serene Taunus Mountains in Germany, the Saalburg Museum stands as a meticulously reconstructed Roman fort, offering a vivid glimpse into ancient Roman&#8230; Read More Digitizing Heritage: Transforming Collections with ALM-Hessen The Landesamt f\u00fcr Denkmalpflege Hessen (ALM-Hessen) is a key [&hellip;]<\/p>\n","protected":false},"author":1,"featured_media":1778,"parent":0,"menu_order":3,"comment_status":"open","ping_status":"closed","template":"","meta":{"nf_dc_page":"","footnotes":""},"class_list":["post-2173","page","type-page","status-publish","has-post-thumbnail","hentry"],"_links":{"self":[{"href":"https:\/\/era-ex-machina.com\/de\/wp-json\/wp\/v2\/pages\/2173","targetHints":{"allow":["GET"]}}],"collection":[{"href":"https:\/\/era-ex-machina.com\/de\/wp-json\/wp\/v2\/pages"}],"about":[{"href":"https:\/\/era-ex-machina.com\/de\/wp-json\/wp\/v2\/types\/page"}],"author":[{"embeddable":true,"href":"https:\/\/era-ex-machina.com\/de\/wp-json\/wp\/v2\/users\/1"}],"replies":[{"embeddable":true,"href":"https:\/\/era-ex-machina.com\/de\/wp-json\/wp\/v2\/comments?post=2173"}],"version-history":[{"count":13,"href":"https:\/\/era-ex-machina.com\/de\/wp-json\/wp\/v2\/pages\/2173\/revisions"}],"predecessor-version":[{"id":2281,"href":"https:\/\/era-ex-machina.com\/de\/wp-json\/wp\/v2\/pages\/2173\/revisions\/2281"}],"wp:featuredmedia":[{"embeddable":true,"href":"https:\/\/era-ex-machina.com\/de\/wp-json\/wp\/v2\/media\/1778"}],"wp:attachment":[{"href":"https:\/\/era-ex-machina.com\/de\/wp-json\/wp\/v2\/media?parent=2173"}],"curies":[{"name":"wp","href":"https:\/\/api.w.org\/{rel}","templated":true}]}}