{"id":3,"date":"2024-11-05T14:15:39","date_gmt":"2024-11-05T14:15:39","guid":{"rendered":"https:\/\/era-ex-machina.com\/?page_id=3"},"modified":"2026-03-19T17:33:06","modified_gmt":"2026-03-19T17:33:06","slug":"privacy-policy","status":"publish","type":"page","link":"https:\/\/era-ex-machina.com\/de\/privacy-policy\/","title":{"rendered":"Datenschutzrichtlinie"},"content":{"rendered":"<div data-elementor-type=\"wp-page\" data-elementor-id=\"3\" class=\"elementor elementor-3\" data-elementor-post-type=\"page\">\n\t\t\t\t<div class=\"elementor-element elementor-element-27f622cb e-flex e-con-boxed e-con e-parent\" data-id=\"27f622cb\" data-element_type=\"container\" data-e-type=\"container\">\n\t\t\t\t\t<div class=\"e-con-inner\">\n\t\t\t\t<div class=\"elementor-element elementor-element-0f8d0e7 elementor-widget elementor-widget-heading\" data-id=\"0f8d0e7\" data-element_type=\"widget\" data-e-type=\"widget\" data-widget_type=\"heading.default\">\n\t\t\t\t<div class=\"elementor-widget-container\">\n\t\t\t\t\t<h1 class=\"elementor-heading-title elementor-size-default\">Datenschutzrichtlinie<\/h1>\t\t\t\t<\/div>\n\t\t\t\t<\/div>\n\t\t\t\t<div class=\"elementor-element elementor-element-1907add6 elementor-widget elementor-widget-text-editor\" data-id=\"1907add6\" data-element_type=\"widget\" data-e-type=\"widget\" data-widget_type=\"text-editor.default\">\n\t\t\t\t<div class=\"elementor-widget-container\">\n\t\t\t\t\t\t\t\t\t\n<p><strong>Datum des Inkrafttretens:<\/strong> 28. November 2024<\/p>\n\n<p>Bei <strong>Era ex Machina<\/strong>, erreichbar unter https:\/\/www.era-ex-machina.co.uk, verpflichten wir uns, Ihre Privatsph\u00e4re zu sch\u00fctzen und zu respektieren. Diese Datenschutzrichtlinie beschreibt, wie wir Ihre personenbezogenen Daten gem\u00e4\u00df der Datenschutz-Grundverordnung (DSGVO) erfassen, verwenden und sch\u00fctzen.<\/p>\n\n<h2 class=\"wp-block-heading\">1. Verantwortlicher<\/h2>\n\n<p>Verantwortlicher f\u00fcr Ihre personenbezogenen Daten ist die:<\/p>\n\n<p><strong>Era ex Machina<\/strong> 3 Old Bedstone Road Bucknell, SY7 0DE Vereinigtes K\u00f6nigreich Telefon: +44 7484 346 727 E-Mail: info@era-ex-machina.com<\/p>\n\n<h2 class=\"wp-block-heading\">2. Von uns erhobene personenbezogene Daten<\/h2>\n\n<p>Bei der Interaktion mit unserer Website erheben wir folgende personenbezogene Daten:<\/p>\n\n<ul class=\"wp-block-list\">\n<li><strong>Name<\/strong><\/li>\n\n<li><strong>E-Mail-Adresse<\/strong><\/li>\n\n<li><strong>Name der Firma<\/strong><\/li>\n\n<li><strong>Telefonnummer<\/strong><\/li>\n<\/ul>\n\n<p>Diese Daten werden erhoben, wenn Sie uns diese freiwillig \u00fcber unser Kontaktformular mitteilen.<\/p>\n\n<h2 class=\"wp-block-heading\">3. Zwecke und Rechtsgrundlage der Verarbeitung<\/h2>\n\n<p>Wir verarbeiten Ihre personenbezogenen Daten zu folgenden Zwecken:<\/p>\n\n<ul class=\"wp-block-list\">\n<li><strong>Beantwortung von Anfragen:<\/strong> Wir verwenden Ihre Daten, um mit Ihnen bez\u00fcglich Ihrer \u00fcber unser Kontaktformular \u00fcbermittelten Anfragen oder W\u00fcnsche Kontakt aufzunehmen.<\/li>\n\n<li><strong>Bereitstellung von Diensten:<\/strong> Um Dienste oder Informationen anzubieten, die Sie von uns angefordert haben.<\/li>\n<\/ul>\n\n<p><strong>Rechtsgrundlage:<\/strong> Unsere Verarbeitung basiert auf Ihrer Einwilligung (Artikel 6 Absatz 1 Buchstabe a DSGVO). Indem Sie Ihre personenbezogenen Daten \u00fcbermitteln, stimmen Sie deren Verwendung wie in dieser Richtlinie beschrieben zu.<\/p>\n\n<h2 class=\"wp-block-heading\">4. Datenspeicherung<\/h2>\n\n<p>Wir bewahren Ihre personenbezogenen Daten nur so lange auf, wie dies zur Erf\u00fcllung der in dieser Datenschutzrichtlinie genannten Zwecke erforderlich ist, es sei denn, dass gesetzlich eine l\u00e4ngere Aufbewahrungsfrist vorgeschrieben oder zul\u00e4ssig ist.<\/p>\n\n<h2 class=\"wp-block-heading\">5. Weitergabe und Offenlegung von Daten<\/h2>\n\n<p>Wir verkaufen oder vermieten Ihre personenbezogenen Daten nicht an Dritte. Wir k\u00f6nnen Ihre Daten unter folgenden Umst\u00e4nden weitergeben:<\/p>\n\n<ul class=\"wp-block-list\">\n<li><strong>Dienstanbieter:<\/strong> Wir k\u00f6nnen Ihre Daten an Drittdienstleister weitergeben, die uns beim Betreiben unserer Website oder bei der Durchf\u00fchrung unserer Gesch\u00e4fte unterst\u00fctzen, sofern sie sich verpflichten, Ihre Daten vertraulich und sicher zu behandeln.<\/li>\n<\/ul>\n\n<h2 class=\"wp-block-heading\">6. Internationale Daten\u00fcbertragungen<\/h2>\n\n<p>Ihre personenbezogenen Daten werden im Vereinigten K\u00f6nigreich verarbeitet. Gem\u00e4\u00df dem Angemessenheitsbeschluss der Europ\u00e4ischen Kommission bietet das Vereinigte K\u00f6nigreich ein angemessenes Schutzniveau f\u00fcr personenbezogene Daten nach den Anforderungen der DSGVO.<\/p>\n\n<h2 class=\"wp-block-heading\">7. Ihre Rechte gem\u00e4\u00df DSGVO<\/h2>\n\n<p>Nach der DSGVO haben Sie hinsichtlich Ihrer personenbezogenen Daten folgende Rechte:<\/p>\n\n<ul class=\"wp-block-list\">\n<li><strong>Auskunftsrecht:<\/strong> Sie k\u00f6nnen Kopien Ihrer personenbezogenen Daten anfordern.<\/li>\n\n<li><strong>Recht auf Berichtigung:<\/strong> Sie k\u00f6nnen die Berichtigung unrichtiger oder unvollst\u00e4ndiger Daten verlangen.<\/li>\n\n<li><strong>Recht auf L\u00f6schung:<\/strong> Unter bestimmten Voraussetzungen k\u00f6nnen Sie die L\u00f6schung Ihrer personenbezogenen Daten verlangen.<\/li>\n\n<li><strong>Recht auf Einschr\u00e4nkung der Verarbeitung:<\/strong> Unter bestimmten Voraussetzungen k\u00f6nnen Sie von uns die Einschr\u00e4nkung der Verarbeitung Ihrer Daten verlangen.<\/li>\n\n<li><strong>Widerspruchsrecht:<\/strong> Unter bestimmten Voraussetzungen k\u00f6nnen Sie der Verarbeitung Ihrer Daten widersprechen.<\/li>\n\n<li><strong>Recht auf Daten\u00fcbertragbarkeit:<\/strong> Sie k\u00f6nnen unter bestimmten Bedingungen die \u00dcbertragung Ihrer Daten an eine andere Organisation oder direkt an Sie verlangen.<\/li>\n<\/ul>\n\n<p>Um diese Rechte auszu\u00fcben, kontaktieren Sie uns bitte unter den in Abschnitt 10 angegebenen Kontaktdaten.<\/p>\n\n<h2 class=\"wp-block-heading\">8. Sicherheitsma\u00dfnahmen<\/h2>\n\n<p>Wir ergreifen geeignete technische und organisatorische Ma\u00dfnahmen, um Ihre personenbezogenen Daten vor unberechtigtem Zugriff, Ver\u00e4nderung, Offenlegung oder Zerst\u00f6rung zu sch\u00fctzen.<\/p>\n\n<h2 class=\"wp-block-heading\">9. Cookies und Tracking-Technologien<\/h2>\n\n<p>Wir verwenden Cookies nur f\u00fcr grundlegende Funktionalit\u00e4ten unserer Website und nicht zur Erfassung oder Verarbeitung personenbezogener Daten ohne Ihre ausdr\u00fcckliche Zustimmung. Weitere Informationen finden Sie in unserer Cookie-Richtlinie.<\/p>\n\n<h2 class=\"wp-block-heading\">10. Kontaktinformationen<\/h2>\n\n<p>Wenn Sie Fragen, Bedenken oder Anfragen bez\u00fcglich dieser Datenschutzrichtlinie oder Ihrer pers\u00f6nlichen Daten haben, kontaktieren Sie uns bitte:<\/p>\n\n<p><strong>Era ex Machina<\/strong> 3 Old Bedstone Road Bucknell, SY7 0DE Vereinigtes K\u00f6nigreich Telefon: +44 7484 346 727 E-Mail: info@era-ex-machina.com<\/p>\n\n<h2 class=\"wp-block-heading\">11. \u00c4nderungen dieser Datenschutzrichtlinie<\/h2>\n\n<p>Wir k\u00f6nnen diese Datenschutzrichtlinie von Zeit zu Zeit aktualisieren. Alle \u00c4nderungen werden auf dieser Seite mit einem aktualisierten Datum des Inkrafttretens ver\u00f6ffentlicht. Wir empfehlen Ihnen, diese Richtlinie regelm\u00e4\u00dfig zu \u00fcberpr\u00fcfen.<\/p>\n\n<h2 class=\"wp-block-heading\">12. Beschwerden<\/h2>\n\n<p>Wenn Sie der Meinung sind, dass unsere Verarbeitung Ihrer personenbezogenen Daten gegen Datenschutzgesetze verst\u00f6\u00dft, haben Sie das Recht, bei einer Aufsichtsbeh\u00f6rde Beschwerde einzulegen. In Gro\u00dfbritannien ist dies das Information Commissioner's Office (ICO). Wenn Sie in einem anderen Land des Europ\u00e4ischen Wirtschaftsraums oder in der Schweiz ans\u00e4ssig sind, k\u00f6nnen Sie sich an Ihre \u00f6rtliche Datenschutzbeh\u00f6rde wenden.<\/p>\n\n<p><strong>Durch die Nutzung unserer Website best\u00e4tigen Sie, dass Sie diese Datenschutzrichtlinie gelesen und verstanden haben.<\/strong><\/p>\n\t\t\t\t\t\t\t\t<\/div>\n\t\t\t\t<\/div>\n\t\t\t\t\t<\/div>\n\t\t\t\t<\/div>\n\t\t\t\t<\/div>","protected":false},"excerpt":{"rendered":"<p>Privacy Policy Effective Date: 28 November 2024 At Era ex Machina, accessible from https:\/\/www.era-ex-machina.co.uk, we are committed to protecting and respecting your privacy. This Privacy Policy outlines how we collect, use, and safeguard your personal data in compliance with the General Data Protection Regulation (GDPR). 1. Data Controller The data controller responsible for your personal [&hellip;]<\/p>\n","protected":false},"author":1,"featured_media":0,"parent":0,"menu_order":7,"comment_status":"open","ping_status":"open","template":"","meta":{"nf_dc_page":"","footnotes":""},"class_list":["post-3","page","type-page","status-publish","hentry"],"_links":{"self":[{"href":"https:\/\/era-ex-machina.com\/de\/wp-json\/wp\/v2\/pages\/3","targetHints":{"allow":["GET"]}}],"collection":[{"href":"https:\/\/era-ex-machina.com\/de\/wp-json\/wp\/v2\/pages"}],"about":[{"href":"https:\/\/era-ex-machina.com\/de\/wp-json\/wp\/v2\/types\/page"}],"author":[{"embeddable":true,"href":"https:\/\/era-ex-machina.com\/de\/wp-json\/wp\/v2\/users\/1"}],"replies":[{"embeddable":true,"href":"https:\/\/era-ex-machina.com\/de\/wp-json\/wp\/v2\/comments?post=3"}],"version-history":[{"count":4,"href":"https:\/\/era-ex-machina.com\/de\/wp-json\/wp\/v2\/pages\/3\/revisions"}],"predecessor-version":[{"id":725,"href":"https:\/\/era-ex-machina.com\/de\/wp-json\/wp\/v2\/pages\/3\/revisions\/725"}],"wp:attachment":[{"href":"https:\/\/era-ex-machina.com\/de\/wp-json\/wp\/v2\/media?parent=3"}],"curies":[{"name":"wp","href":"https:\/\/api.w.org\/{rel}","templated":true}]}}